{"id":48,"date":"2020-09-07T10:32:05","date_gmt":"2020-09-06T22:32:05","guid":{"rendered":"http:\/\/atea.space\/content\/?page_id=48"},"modified":"2021-09-25T17:57:36","modified_gmt":"2021-09-25T05:57:36","slug":"tikanga","status":"publish","type":"page","link":"https:\/\/atea.space\/content\/tikanga\/","title":{"rendered":"Tikanga"},"content":{"rendered":"\n<h1>Meet the Tikanga Team<\/h1>\n\n\n\n<p>The Tikanga team is lead by <a href=\"https:\/\/www.waikato.ac.nz\/fmis\/about\/staff\/hemi\">Assoc Prof H\u0113mi Whaanga<\/a>. <\/p>\n\n\n\n<figure class=\"wp-block-video\"><video controls=\"\" src=\"https:\/\/atea.space\/greenstone3\/interfaces\/atea\/video\/Atea-Telepresence--08-Jun-2021.mp4\"><\/video><figcaption><em>Dr Paora Mato provides an overview of how the Telepresence aspect of the \u0100tea project is seeking to re-connect people from  Motup\u014dhue Bluff, where over 80% of the population born there now live elsewhere.<\/em><\/figcaption><\/figure>\n\n\n\n<p><\/p>\n","protected":false},"excerpt":{"rendered":"<p>Meet the Tikanga Team The Tikanga team is lead by Assoc Prof H\u0113mi Whaanga. Dr Paora Mato provides an overview of how the Telepresence aspect of the \u0100tea project is seeking to re-connect people from Motup\u014dhue Bluff, where over 80% of the population born there now live elsewhere.<\/p>\n","protected":false},"author":1,"featured_media":0,"parent":0,"menu_order":0,"comment_status":"closed","ping_status":"closed","template":"page-tika.php","meta":[],"_links":{"self":[{"href":"https:\/\/atea.space\/content\/wp-json\/wp\/v2\/pages\/48"}],"collection":[{"href":"https:\/\/atea.space\/content\/wp-json\/wp\/v2\/pages"}],"about":[{"href":"https:\/\/atea.space\/content\/wp-json\/wp\/v2\/types\/page"}],"author":[{"embeddable":true,"href":"https:\/\/atea.space\/content\/wp-json\/wp\/v2\/users\/1"}],"replies":[{"embeddable":true,"href":"https:\/\/atea.space\/content\/wp-json\/wp\/v2\/comments?post=48"}],"version-history":[{"count":9,"href":"https:\/\/atea.space\/content\/wp-json\/wp\/v2\/pages\/48\/revisions"}],"predecessor-version":[{"id":85,"href":"https:\/\/atea.space\/content\/wp-json\/wp\/v2\/pages\/48\/revisions\/85"}],"wp:attachment":[{"href":"https:\/\/atea.space\/content\/wp-json\/wp\/v2\/media?parent=48"}],"curies":[{"name":"wp","href":"https:\/\/api.w.org\/{rel}","templated":true}]}}